{"id":803,"date":"2020-01-17T21:35:47","date_gmt":"2020-01-17T18:35:47","guid":{"rendered":"http:\/\/ankaragranit.com.tr\/?page_id=803"},"modified":"2026-01-16T15:04:57","modified_gmt":"2026-01-16T12:04:57","slug":"one-page-express","status":"publish","type":"page","link":"https:\/\/ankaragranit.com.tr\/","title":{"rendered":"Front Page"},"content":{"rendered":"<div  id=\"features-7\" class=\"features-square-image-section\" style=\"background-color: #ffffff;\" data-label=\"Features\" data-id=\"features-square-image-section\" data-category=\"features\">\n<div  class=\"dynamic-color\">\n<div  class=\"features-square-image-textrow\">\n<div  class=\"features-square-image-textcol\" data-type=\"column\">\n<h1  class=\"\" style=\"text-align: center;\">Koleksiyon<\/h1>\n<div  class=\"spacer\" data-type=\"group\"><\/div>\n<h4  class=\"\">Modern tesisi, zengin \u00e7e\u015fit granit , mermer ve \u00e7imstone deposu ve nezih showroomu ile sekt\u00f6rde fark yaratan <em ><span  style=\"color: #000000;\">Ankara Granit ve Mermer<\/span> <\/em>m\u00fc\u015fteri memnuniyeti , \u00fcst\u00fcn kalite ve uygun fiyat politikas\u0131 ile her t\u00fcr do\u011fal ta\u015f ihtiya\u00e7lar\u0131nda aranan bir marka haline gelmi\u015ftir..<\/h4>\n<div  class=\"spacer\" data-type=\"group\"><\/div>\n<div  class=\"spacer\" data-type=\"group\"><\/div>\n<div  class=\"spacer\" data-type=\"group\"><\/div>\n<div  class=\"spacer\" data-type=\"group\"><\/div>\n<\/div>\n<\/div>\n<div  class=\"features-square-image-innerrow\" data-type=\"row\">\n<div  class=\"features-square-image-featcol cp6cols-tablet cp3cols\"><img  decoding=\"async\" class=\"features-square-image-featimg\" src=\"http:\/\/ankaragranit.com.tr\/wp-content\/uploads\/2020\/01\/Ana-Sayfa-Granit-agm.jpg\">\n<h2  class=\"\" style=\"text-align: center;\"><\/h2>\n<h2  style=\"text-align: center;\" class=\"\"><span  style=\"color: #544815;\">Granit<\/span><\/h2>\n<p  class=\"\" style=\"text-align: center;\"><a  class=\"\" href=\"https:\/\/ankaragranit.com.tr?page_id=56\" target=\"_self\" rel=\"noopener noreferrer\"><strong >G\u00f6rsel \u0130\u00e7in T\u0131klay\u0131n\u0131z<\/strong><\/a><\/p>\n\n<\/div>\n<div  class=\"features-square-image-featcol cp6cols-tablet cp3cols\"><img  decoding=\"async\" class=\"features-square-image-featimg\" src=\"http:\/\/ankaragranit.com.tr\/wp-content\/uploads\/2020\/01\/Ana-Sayfa-Mermer-agm.jpg\">\n<h2  class=\"\"><\/h2>\n<h2  class=\"\" style=\"text-align: center;\"><span  style=\"color: #544815;\">Mermer<\/span><\/h2>\n<p  class=\"\" style=\"text-align: center;\"><a  class=\"\" href=\"https:\/\/ankaragranit.com.tr?page_id=121\" target=\"_self\" rel=\"noopener noreferrer\"><strong >G\u00f6rsel \u0130\u00e7in T\u0131klay\u0131n\u0131z<\/strong><\/a><\/p>\n\n<\/div>\n<div  class=\"features-square-image-featcol cp6cols-tablet cp3cols\"><img  decoding=\"async\" class=\"features-square-image-featimg\" src=\"http:\/\/ankaragranit.com.tr\/wp-content\/uploads\/2020\/01\/Ana-Sayfa-Onxy-agm.jpg\">\n<h2  class=\"\"><\/h2>\n<h2  class=\"\" style=\"text-align: center;\"><span  style=\"color: #544815;\">Onxy<\/span><\/h2>\n<p  class=\"\" style=\"text-align: center;\"><a  class=\"\" href=\"https:\/\/ankaragranit.com.tr?page_id=302\" target=\"_self\" rel=\"noopener noreferrer\"><strong >G\u00f6rsel \u0130\u00e7in T\u0131klay\u0131n\u0131z<\/strong><\/a><\/p>\n\n<\/div>\n<div  class=\"features-square-image-featcol cp6cols-tablet cp3cols\"><img  decoding=\"async\" class=\"features-square-image-featimg\" src=\"http:\/\/ankaragranit.com.tr\/wp-content\/uploads\/2020\/01\/AGM-\u00c7imstone-Bak\u0131m-1.jpg\">\n<h2  class=\"\"><\/h2>\n<h2  class=\"\" style=\"text-align: center;\"><span  style=\"color: #544815;\">\u00c7imstone<\/span><\/h2>\n<p  style=\"text-align: center;\" class=\"\"><strong ><a  class=\"\" href=\"https:\/\/ankaragranit.com.tr?page_id=156\" target=\"_self\" rel=\"noopener noreferrer\">G<\/a><a  class=\"\" href=\"https:\/\/ankaragranit.com.tr?page_id=156\" target=\"_self\" rel=\"noopener noreferrer\">\u00f6rsel \u0130\u00e7in T\u0131klay\u0131n\u0131z<\/a><\/strong><\/p>\n\n<\/div>\n<\/div>\n<\/div>\n<\/div><div  id=\"overlapable-1\" class=\"stripped-about-four-boxes-section\" style=\"background-color: #f6f6f6;\" data-label=\"Overlapable\" data-id=\"stripped-about-four-boxes-section\" data-category=\"overlapable\" data-overlap=\"true\">\n<div  class=\"\">\n<div  class=\"about-four-boxes-innerrow flexbox-list\">\n<div  class=\"about-four-boxes-imgcol\" style=\"background-image: url('http:\/\/ankaragranit.com.tr\/wp-content\/uploads\/2021\/05\/Laos.jpg');\" data-bg=\"image\"><\/div>\n<div  class=\"about-four-boxes-textcol\" data-type=\"column\">\n<h3  class=\"\"><strong >DEKTON<\/strong><\/h3>\n<p  class=\"\"><span  style=\"color: #000000;\">ULTRA KOMPAKT Y\u00dcZEYLER<\/span>\n<span  style=\"color: #000000;\">Dekton, i\u00e7 mekan uygulamalar\u0131 i\u00e7in e\u015fsiz \u00f6zelliklere sahiptir, ayn\u0131 zamanda g\u00fcne\u015f \u0131\u015f\u0131nlar\u0131na kar\u015f\u0131 \u00fcst\u00fcn direnci sayesinde d\u0131\u015f mekan uygulamalar\u0131 i\u00e7in de idealdir. \u00c7ok y\u00f6nl\u00fc kullan\u0131m se\u00e7eneklerine sahip m\u00fckemmel bir malzemedir.ULTRA KOMPAKT Y\u00dcZEYLER<\/span>\n<span  style=\"color: #000000;\">Dekton, i\u00e7 mekan uygulamalar\u0131 i\u00e7in e\u015fsiz \u00f6zelliklere sahiptir, ayn\u0131 zamanda g\u00fcne\u015f \u0131\u015f\u0131nlar\u0131na kar\u015f\u0131 \u00fcst\u00fcn direnci sayesinde d\u0131\u015f mekan uygulamalar\u0131 i\u00e7in de idealdir. \u00c7ok y\u00f6nl\u00fc kullan\u0131m se\u00e7eneklerine sahip m\u00fckemmel bir malzemedir<\/span>.<\/p>\n\n<\/div>\n<div  class=\"about-four-boxes-textcol\" data-type=\"column\">\n<h3  class=\"\"><strong >DEKTON<\/strong><\/h3>\n<p  class=\"\"><span  style=\"color: #000000;\">Her uygulama i\u00e7in en ideal renklere sahibiz. Y\u00fczeylerimizi ke\u015ffedin ve tasar\u0131m ihtiya\u00e7lar\u0131n\u0131za en uygun rengi bulun.Her uygulama i\u00e7in en ideal renklere sahibiz. Y\u00fczeylerimizi ke\u015ffedin ve tasar\u0131m ihtiya\u00e7lar\u0131n\u0131za en uygun rengi bulun.<\/span><\/p>\n\n<\/div>\n<div  class=\"about-four-boxes-imgcol2\" style=\"background-image: url('http:\/\/ankaragranit.com.tr\/wp-content\/uploads\/2021\/05\/Korso-1.jpg');\" data-bg=\"image\"><\/div>\n<\/div>\n<\/div>\n<\/div><div  id=\"overlapable-2\" class=\"features-coloured-icon-boxes-section stripped-coloured-icon-boxes\" style=\"background-color: #ffffff;\" data-label=\"Overlapable\" data-id=\"stripped-coloured-icon-boxes\" data-category=\"overlapable\" data-overlap=\"true\">\n<div  class=\"\">\n<div  class=\"features-coloured-icon-boxes-innerrow flexbox-list dark-text\" data-type=\"row\">\n<div  class=\"features-coloured-icon-boxes-featurecol cp4cols\"><img  decoding=\"async\" class=\"custom-image\" src=\"http:\/\/ankaragranit.com.tr\/wp-content\/uploads\/2020\/01\/cekimler-72-1.jpg\">\n<h3  class=\"\">\u00dcst\u00fcn Kalite &amp; Uygun Fiyat<\/h3>\n<p  class=\"\"><span  style=\"color: #000000;\">Ba\u015fta G\u00fcney Amerika ve Kuzey Avrupa \u00fclkelerinden olmak \u00fczere getirtti\u011fi al\u0131\u015f\u0131lagelmi\u015fin d\u0131\u015f\u0131ndaki benzersiz granitler ve mermerler, bir\u00e7ok projede dekoratif, mimari ve yap\u0131-in\u015faat malzemesi olarak talep g\u00f6rmektedir.<\/span><\/p>\n\n<\/div>\n<div  class=\"features-coloured-icon-boxes-featurecol cp4cols\">\n<h2  class=\"\" style=\"text-align: center;\"><span  style=\"color: #26b5b5;\"><strong >\u00c7imstone<\/strong><\/span><\/h2>\n<p  class=\"\" style=\"text-align: center;\"><span  style=\"color: #000000;\">Do\u011fa\u2019n\u0131n arma\u011fan\u0131 kuvars mineralini, g\u00fcn\u00fcm\u00fcz\u00fcn en \u00e7a\u011fda\u015f teknolojisiyle yeniden \u015fekillendiren <strong  style=\"font-size: inherit;\">\u00c7imstone&nbsp;<\/strong><\/span><\/p>\n<p  class=\"\" style=\"text-align: center;\"><span  style=\"color: #000000;\">305 x 140 , 310 x 152 , 330 x 165&nbsp;levha boyutlar\u0131 ile mutfak ve banyo da de\u011fi\u015fen banko ve tezgah beklentilerini kar\u015f\u0131l\u0131yor.<\/span><\/p>\n<img  decoding=\"async\" class=\"custom-image\" src=\"http:\/\/ankaragranit.com.tr\/wp-content\/uploads\/2020\/01\/cimstone_0754_Fotor.jpg\">\n\n<\/div>\n<div  class=\"features-coloured-icon-boxes-featurecol cp4cols\"><img  decoding=\"async\" class=\"custom-image\" src=\"http:\/\/ankaragranit.com.tr\/wp-content\/uploads\/2020\/01\/ankara-granit-mermer-sanayi-ve-ticaret-ltd-\u015fti-2.jpg\">\n<h3  class=\"\">Dekorasyon<\/h3>\n<p  class=\"\"><span  style=\"color: #000000;\">Yap\u0131larda, d\u0131\u015f cephe kaplamas\u0131ndan zemin d\u00f6\u015femelerine, merdivenlerden mutfak ve banyo tezgahlar\u0131na, asans\u00f6r s\u00f6velerinden \u015f\u00f6minelere kadar \u00e7e\u015fitli alanlarda kullan\u0131lan granit ve mermer, insano\u011flunun y\u00fczy\u0131llard\u0131r vazge\u00e7emedi\u011fi bir do\u011fa mucizesi.<\/span><\/p>\n\n<\/div>\n<\/div>\n<\/div>\n<\/div><div  id=\"features-5\" class=\"features-small-icon-cards-section\" style=\"background-color: #f6f6f6;\" data-label=\"Features\" data-id=\"features-small-icon-cards-section\" data-category=\"features\">\n<div  class=\"\">\n<div  class=\"features-small-icon-cards-textrow\">\n<div  class=\"features-small-icon-cards-textcol dynamic-color\" data-type=\"column\">\n<h3  class=\"\"><span  style=\"color: #bf8226;\"><strong >ANKARA GRANiT VE MERMER<\/strong><\/span><\/h3>\n<span  class=\"\" style=\"color: #000000;\"><strong >\u201d Cimstone &amp; Dekton &amp; Granit &amp; Mermer \u201c<\/strong><\/span>\n<h3  class=\"\"><\/h3>\n<h3  class=\"\">Bize Hemen Ula\u015f\u0131n<\/h3>\n<p  class=\"\"><strong ><span  style=\"color: #333333; font-family: 'Nunito Sans', sans-serif; font-size: 15px; background-color: #ffffff;\">\u00dcr\u00fcnlerimiz hakk\u0131nda detayl\u0131 bilgi i\u00e7in l\u00fctfen ileti\u015fime ge\u00e7iniz.<\/span><\/strong><\/p>\n\n<div  class=\"spacer\" data-type=\"group\"><\/div>\n<div  class=\"spacer\" data-type=\"group\"><\/div>\n<\/div>\n<\/div>\n<div  class=\"features-small-icon-cards-featuresrow dark-text\" data-type=\"row\">\n<div  class=\"features-small-icon-cards-featcol cp4cols\">\n<div  class=\"features-small-icon-cards-featinnerrow\">\n<div  class=\"features-small-icon-cards-iconcol\"><\/div>\n<div  class=\"features-small-icon-cards-feattextcol\" data-type=\"column\">\n<p  class=\"\"><\/p>\n\n<h4  class=\"\"><\/h4>\n<\/div>\n<\/div>\n<\/div>\n<div  class=\"features-small-icon-cards-featcol cp4cols\">\n<div  class=\"features-small-icon-cards-featinnerrow\">\n<div  class=\"features-small-icon-cards-iconcol\"><\/div>\n<div  class=\"features-small-icon-cards-feattextcol\" data-type=\"column\">\n<h4  class=\"\">&nbsp; &nbsp; &nbsp; &nbsp; &nbsp; &nbsp; &nbsp; &nbsp; &nbsp; &nbsp; &nbsp; &nbsp; &nbsp; Harita Konumu<\/h4>\n<a  class=\"button blue\" href=\"https:\/\/www.google.com\/maps\/place\/Do%C4%9Fa+Ankara+Granit\/@40.0027365,32.7792793,16z\/data=!4m12!1m6!3m5!1s0x14d34bbed258489d:0xe3c50f1e6da3c8b6!2s%C4%B0vedik,+%C4%B0vedik+Cd.+No:449,+06378+%C4%B0vedik+Osb%2FYenimahalle%2FAnkara!8m2!3d40.0029942!4d32.780339!3m4!1s0x0:0x2e6f9f6f89386e!8m2!3d40.0017555!4d32.7790403\" target=\"_blank\" rel=\"noopener noreferrer\">&nbsp; &nbsp; &nbsp; &nbsp; &nbsp; &nbsp; &nbsp; &nbsp; &nbsp; &nbsp; &nbsp; &nbsp; &nbsp; &nbsp; &nbsp; &nbsp;G\u00d6STER&nbsp; &nbsp; &nbsp; &nbsp; &nbsp; &nbsp; &nbsp; &nbsp; &nbsp; &nbsp; &nbsp; &nbsp; &nbsp; &nbsp; &nbsp;<\/a>\n\n<\/div>\n<\/div>\n<\/div>\n<div  class=\"features-small-icon-cards-featcol cp4cols\">\n<div  class=\"features-small-icon-cards-featinnerrow\">\n<div  class=\"features-small-icon-cards-iconcol\"><\/div>\n<div  class=\"features-small-icon-cards-feattextcol\" data-type=\"column\">\n<p  class=\"\"><\/p>\n\n<h4  class=\"\"><\/h4>\n<\/div>\n<\/div>\n<\/div>\n<\/div>\n<\/div>\n<\/div>","protected":false},"excerpt":{"rendered":"<p>Koleksiyon Modern tesisi, zengin \u00e7e\u015fit granit , mermer ve \u00e7imstone deposu ve nezih showroomu ile sekt\u00f6rde fark yaratan Ankara Granit ve Mermer m\u00fc\u015fteri memnuniyeti , \u00fcst\u00fcn kalite ve uygun fiyat politikas\u0131 ile her t\u00fcr do\u011fal ta\u015f ihtiya\u00e7lar\u0131nda aranan bir marka haline gelmi\u015ftir.. Granit G\u00f6rsel \u0130\u00e7in T\u0131klay\u0131n\u0131z Mermer G\u00f6rsel \u0130\u00e7in T\u0131klay\u0131n\u0131z Onxy G\u00f6rsel \u0130\u00e7in T\u0131klay\u0131n\u0131z \u00c7imstone&hellip; <br \/> <a class=\"button small blue\" href=\"https:\/\/ankaragranit.com.tr\/?p=1\">Devam\u0131<\/a><\/p>\n","protected":false},"author":1,"featured_media":0,"parent":0,"menu_order":0,"comment_status":"closed","ping_status":"closed","template":"","meta":{"footnotes":""},"class_list":["post-803","page","type-page","status-publish","hentry"],"_links":{"self":[{"href":"https:\/\/ankaragranit.com.tr\/index.php?rest_route=\/wp\/v2\/pages\/803","targetHints":{"allow":["GET"]}}],"collection":[{"href":"https:\/\/ankaragranit.com.tr\/index.php?rest_route=\/wp\/v2\/pages"}],"about":[{"href":"https:\/\/ankaragranit.com.tr\/index.php?rest_route=\/wp\/v2\/types\/page"}],"author":[{"embeddable":true,"href":"https:\/\/ankaragranit.com.tr\/index.php?rest_route=\/wp\/v2\/users\/1"}],"replies":[{"embeddable":true,"href":"https:\/\/ankaragranit.com.tr\/index.php?rest_route=%2Fwp%2Fv2%2Fcomments&post=803"}],"version-history":[{"count":83,"href":"https:\/\/ankaragranit.com.tr\/index.php?rest_route=\/wp\/v2\/pages\/803\/revisions"}],"predecessor-version":[{"id":1557,"href":"https:\/\/ankaragranit.com.tr\/index.php?rest_route=\/wp\/v2\/pages\/803\/revisions\/1557"}],"wp:attachment":[{"href":"https:\/\/ankaragranit.com.tr\/index.php?rest_route=%2Fwp%2Fv2%2Fmedia&parent=803"}],"curies":[{"name":"wp","href":"https:\/\/api.w.org\/{rel}","templated":true}]}}